{"id":9749,"date":"2023-06-08T17:08:42","date_gmt":"2023-06-08T15:08:42","guid":{"rendered":"http:\/\/wefitshop.com\/?post_type=product&#038;p=9749"},"modified":"2025-05-05T16:38:29","modified_gmt":"2025-05-05T14:38:29","slug":"planning-operationnel","status":"publish","type":"product","link":"https:\/\/wefitshop.com\/?product=planning-operationnel","title":{"rendered":"Planning Op\u00e9rationnel"},"content":{"rendered":"<p>Planning Op\u00e9rationnel<\/p>\n<p>Le planning hebdomadaire est utile pour organiser votre semaine en fonction des diff\u00e9rentes t\u00e2ches et de vos coachs. Il permet de savoir quel coach effectue quelle t\u00e2che quel jour.<\/p>\n<p><strong>Avantages<\/strong> : organisation \/ gain d&rsquo;efficacit\u00e9 \/ diminution du stress \/ am\u00e9lioration de l&rsquo;ambiance au sein de l&rsquo;\u00e9quipe<\/p>\n","protected":false},"excerpt":{"rendered":"<p>Planning Op\u00e9rationnel<\/p>\n<p>Le planning hebdomadaire est utile pour organiser votre semaine en fonction des diff\u00e9rentes t\u00e2ches et de vos coachs. Il permet de savoir quel coach effectue quelle t\u00e2che quel jour.<\/p>\n<p><strong>Avantages<\/strong> : organisation \/ gain d&rsquo;efficacit\u00e9 \/ diminution du stress \/ am\u00e9lioration de l&rsquo;ambiance au sein de l&rsquo;\u00e9quipe<\/p>\n","protected":false},"featured_media":9755,"template":"","meta":[],"_links":{"self":[{"href":"https:\/\/wefitshop.com\/index.php?rest_route=\/wp\/v2\/product\/9749"}],"collection":[{"href":"https:\/\/wefitshop.com\/index.php?rest_route=\/wp\/v2\/product"}],"about":[{"href":"https:\/\/wefitshop.com\/index.php?rest_route=\/wp\/v2\/types\/product"}],"version-history":[{"count":1,"href":"https:\/\/wefitshop.com\/index.php?rest_route=\/wp\/v2\/product\/9749\/revisions"}],"predecessor-version":[{"id":9756,"href":"https:\/\/wefitshop.com\/index.php?rest_route=\/wp\/v2\/product\/9749\/revisions\/9756"}],"wp:featuredmedia":[{"embeddable":true,"href":"https:\/\/wefitshop.com\/index.php?rest_route=\/wp\/v2\/media\/9755"}],"wp:attachment":[{"href":"https:\/\/wefitshop.com\/index.php?rest_route=%2Fwp%2Fv2%2Fmedia&parent=9749"}],"curies":[{"name":"wp","href":"https:\/\/api.w.org\/{rel}","templated":true}]}}