{"id":7898,"date":"2023-08-09T17:18:06","date_gmt":"2023-08-09T15:18:06","guid":{"rendered":"http:\/\/wefitshop.com\/?post_type=product&#038;p=7898"},"modified":"2023-11-16T13:06:08","modified_gmt":"2023-11-16T12:06:08","slug":"1000-bifold-copie","status":"publish","type":"product","link":"https:\/\/wefitshop.com\/?product=1000-bifold-copie","title":{"rendered":"1000 bifold (2023)"},"content":{"rendered":"<ul>\n<li>Impression couleurs<\/li>\n<li class=\"opadListLayer1\">Livr\u00e9 avec le pli<\/li>\n<li class=\"opadListLayer1\">Papier 135 g\/m\u00b2 papier couch\u00e9<\/li>\n<li>Finition mat<\/li>\n<li class=\"opadListLayer1\">Format ouvert : 21,00 x 21,00 cm<\/li>\n<li>Format final ferm\u00e9 : 10,50 x 21,00 cm<\/li>\n<li class=\"opadListLayer1\">Co\u00fbt de cr\u00e9ation graphique inclus<\/li>\n<li>Mise aux coordonn\u00e9es\u00a0 du club<\/li>\n<li>Contr\u00f4le BAT avant impression<\/li>\n<\/ul>\n","protected":false},"excerpt":{"rendered":"<p>Impression couleurs Livr\u00e9 avec le pli Papier 135 g\/m\u00b2 papier couch\u00e9 Finition mat Format ouvert : 21,00 x 21,00 cm Format final ferm\u00e9 : 10,50 x 21,00 cm Co\u00fbt de cr\u00e9ation graphique inclus Mise aux coordonn\u00e9es\u00a0 du club Contr\u00f4le BAT avant impression<\/p>\n","protected":false},"featured_media":10294,"template":"","meta":[],"_links":{"self":[{"href":"https:\/\/wefitshop.com\/index.php?rest_route=\/wp\/v2\/product\/7898"}],"collection":[{"href":"https:\/\/wefitshop.com\/index.php?rest_route=\/wp\/v2\/product"}],"about":[{"href":"https:\/\/wefitshop.com\/index.php?rest_route=\/wp\/v2\/types\/product"}],"version-history":[{"count":2,"href":"https:\/\/wefitshop.com\/index.php?rest_route=\/wp\/v2\/product\/7898\/revisions"}],"predecessor-version":[{"id":10295,"href":"https:\/\/wefitshop.com\/index.php?rest_route=\/wp\/v2\/product\/7898\/revisions\/10295"}],"wp:featuredmedia":[{"embeddable":true,"href":"https:\/\/wefitshop.com\/index.php?rest_route=\/wp\/v2\/media\/10294"}],"wp:attachment":[{"href":"https:\/\/wefitshop.com\/index.php?rest_route=%2Fwp%2Fv2%2Fmedia&parent=7898"}],"curies":[{"name":"wp","href":"https:\/\/api.w.org\/{rel}","templated":true}]}}