{"id":3644,"date":"2021-05-21T10:30:02","date_gmt":"2021-05-21T08:30:02","guid":{"rendered":"http:\/\/wefitshop.com\/?post_type=product&#038;p=3644"},"modified":"2023-08-07T17:39:47","modified_gmt":"2023-08-07T15:39:47","slug":"3-affiches-planning-de-cours","status":"publish","type":"product","link":"https:\/\/wefitshop.com\/?product=3-affiches-planning-de-cours","title":{"rendered":"3 affiches planning de cours"},"content":{"rendered":"","protected":false},"excerpt":{"rendered":"<ul>\n<li>Cr\u00e9ation (\u00e0 partir de votre planning de cours qui sera pr\u00e9alablement envoy\u00e9)<\/li>\n<li>Suivi du BAT [Bon \u00e0 Tirer]<\/li>\n<li>Impression<\/li>\n<li>Exp\u00e9dition<\/li>\n<\/ul>\n","protected":false},"featured_media":2302,"template":"","meta":[],"_links":{"self":[{"href":"https:\/\/wefitshop.com\/index.php?rest_route=\/wp\/v2\/product\/3644"}],"collection":[{"href":"https:\/\/wefitshop.com\/index.php?rest_route=\/wp\/v2\/product"}],"about":[{"href":"https:\/\/wefitshop.com\/index.php?rest_route=\/wp\/v2\/types\/product"}],"version-history":[{"count":2,"href":"https:\/\/wefitshop.com\/index.php?rest_route=\/wp\/v2\/product\/3644\/revisions"}],"predecessor-version":[{"id":10264,"href":"https:\/\/wefitshop.com\/index.php?rest_route=\/wp\/v2\/product\/3644\/revisions\/10264"}],"wp:featuredmedia":[{"embeddable":true,"href":"https:\/\/wefitshop.com\/index.php?rest_route=\/wp\/v2\/media\/2302"}],"wp:attachment":[{"href":"https:\/\/wefitshop.com\/index.php?rest_route=%2Fwp%2Fv2%2Fmedia&parent=3644"}],"curies":[{"name":"wp","href":"https:\/\/api.w.org\/{rel}","templated":true}]}}