{"id":10073,"date":"2023-07-19T11:51:35","date_gmt":"2023-07-19T09:51:35","guid":{"rendered":"http:\/\/wefitshop.com\/?post_type=product&#038;p=10073"},"modified":"2023-08-07T17:39:25","modified_gmt":"2023-08-07T15:39:25","slug":"1-affiche-planning-de-cours","status":"publish","type":"product","link":"https:\/\/wefitshop.com\/?product=1-affiche-planning-de-cours","title":{"rendered":"1 affiche planning de cours"},"content":{"rendered":"<ul>\n<li>Cr\u00e9ation (\u00e0 partir de votre planning de cours qui sera pr\u00e9alablement envoy\u00e9)<\/li>\n<li>Suivi du BAT [Bon \u00e0 Tirer]<\/li>\n<li>Impression<\/li>\n<li>Exp\u00e9dition<\/li>\n<\/ul>\n","protected":false},"excerpt":{"rendered":"<ul>\n<li>Cr\u00e9ation (\u00e0 partir de votre planning de cours qui sera pr\u00e9alablement envoy\u00e9)<\/li>\n<li>Suivi du BAT [Bon \u00e0 Tirer]<\/li>\n<li>Impression<\/li>\n<li>Exp\u00e9dition<\/li>\n<\/ul>\n","protected":false},"featured_media":2302,"template":"","meta":[],"_links":{"self":[{"href":"https:\/\/wefitshop.com\/index.php?rest_route=\/wp\/v2\/product\/10073"}],"collection":[{"href":"https:\/\/wefitshop.com\/index.php?rest_route=\/wp\/v2\/product"}],"about":[{"href":"https:\/\/wefitshop.com\/index.php?rest_route=\/wp\/v2\/types\/product"}],"version-history":[{"count":4,"href":"https:\/\/wefitshop.com\/index.php?rest_route=\/wp\/v2\/product\/10073\/revisions"}],"predecessor-version":[{"id":10263,"href":"https:\/\/wefitshop.com\/index.php?rest_route=\/wp\/v2\/product\/10073\/revisions\/10263"}],"wp:featuredmedia":[{"embeddable":true,"href":"https:\/\/wefitshop.com\/index.php?rest_route=\/wp\/v2\/media\/2302"}],"wp:attachment":[{"href":"https:\/\/wefitshop.com\/index.php?rest_route=%2Fwp%2Fv2%2Fmedia&parent=10073"}],"curies":[{"name":"wp","href":"https:\/\/api.w.org\/{rel}","templated":true}]}}